{"id":9,"date":"2022-11-14T10:30:01","date_gmt":"2022-11-14T10:30:01","guid":{"rendered":"https:\/\/elearning.greenvetchoices.eu\/reset-password\/"},"modified":"2024-11-06T06:42:14","modified_gmt":"2024-11-06T06:42:14","slug":"reset-password","status":"publish","type":"page","link":"https:\/\/elearning.cosereproject.eu\/lv\/reset-password\/","title":{"rendered":"Nomain\u012bt paroli"},"content":{"rendered":"<form method=\"post\" action=\"\">\n        <label class=\"\" for=\"cprf_user_login\">Lietot\u0101jv\u0101rds vai E-pasta adrese:<\/label>\n        <input class=\"uk-input uk-form-width-medium\"  type=\"text\" name=\"cprf_user_login\" id=\"cprf_user_login\" required><br><br>\n        <input class=\"uk-button uk-button-primary\" type=\"submit\" name=\"cprf_reset_password\" value=\"Nos\u016bt\u012bt atiestat\u012b\u0161anas saiti\">\n    <input type=\"hidden\" name=\"trp-form-language\" value=\"lv\"\/><\/form>","protected":false},"excerpt":{"rendered":"","protected":false},"author":1,"featured_media":0,"parent":0,"menu_order":0,"comment_status":"closed","ping_status":"closed","template":"","meta":{"_acf_changed":false,"_bbp_topic_count":0,"_bbp_reply_count":0,"_bbp_total_topic_count":0,"_bbp_total_reply_count":0,"_bbp_voice_count":0,"_bbp_anonymous_reply_count":0,"_bbp_topic_count_hidden":0,"_bbp_reply_count_hidden":0,"_bbp_forum_subforum_count":0,"footnotes":""},"class_list":["post-9","page","type-page","status-publish","hentry"],"acf":[],"_links":{"self":[{"href":"https:\/\/elearning.cosereproject.eu\/lv\/wp-json\/wp\/v2\/pages\/9","targetHints":{"allow":["GET"]}}],"collection":[{"href":"https:\/\/elearning.cosereproject.eu\/lv\/wp-json\/wp\/v2\/pages"}],"about":[{"href":"https:\/\/elearning.cosereproject.eu\/lv\/wp-json\/wp\/v2\/types\/page"}],"author":[{"embeddable":true,"href":"https:\/\/elearning.cosereproject.eu\/lv\/wp-json\/wp\/v2\/users\/1"}],"replies":[{"embeddable":true,"href":"https:\/\/elearning.cosereproject.eu\/lv\/wp-json\/wp\/v2\/comments?post=9"}],"version-history":[{"count":1,"href":"https:\/\/elearning.cosereproject.eu\/lv\/wp-json\/wp\/v2\/pages\/9\/revisions"}],"predecessor-version":[{"id":356,"href":"https:\/\/elearning.cosereproject.eu\/lv\/wp-json\/wp\/v2\/pages\/9\/revisions\/356"}],"wp:attachment":[{"href":"https:\/\/elearning.cosereproject.eu\/lv\/wp-json\/wp\/v2\/media?parent=9"}],"curies":[{"name":"wp","href":"https:\/\/api.w.org\/{rel}","templated":true}]}}